{"id":2896,"date":"2022-05-13T03:47:54","date_gmt":"2022-05-13T07:47:54","guid":{"rendered":"https:\/\/evfleets.electricautonomy.ca\/fr\/?page_id=2896"},"modified":"2024-02-08T13:57:32","modified_gmt":"2024-02-08T18:57:32","slug":"inscrire","status":"publish","type":"page","link":"https:\/\/evfleets.electricautonomy.ca\/fr\/inscrire\/","title":{"rendered":"S&rsquo;inscrire"},"content":{"rendered":"<p><!-- Event snippet for Registration (1) conversion page --><br \/>\n<script>gtag('event', 'conversion', {'send_to': 'AW-10891454955\/dDCCCLLR5YwYEOvTucko'});<\/script><\/p>\n\n\n<h2 class=\"wp-block-heading\">\u00cates-vous pr\u00eat \u00e0 \u00e9lectrifier votre parc commercial ?<\/h2>\n\n\n\n<p>Notre cours vous aidera \u00e0 former et \u00e0 responsabiliser vos \u00e9quipes afin que vous puissiez vous engager sur la voie de l&rsquo;\u00e9lectrification en toute confiance.<\/p>\n\n\n\n<p><em>Si vous \u00eates d\u00e9j\u00e0 inscrit, <a href=\"https:\/\/evfleets.electricautonomy.ca\/fr\/connexion\/\">connectez-vous ici<\/a>.<\/em><\/p>\n\n\n\n<h3 class=\"wp-block-heading\">Acc\u00e9dez d\u00e8s maintenant \u00e0 notre portail d\u2019apprentissage sur les parcs \u00e9lectriques<\/h3>\n\n\n\n<p>Inscrivez-vous gratuitement pour apprendre des experts de l&rsquo;industrie, et ce, \u00e0 votre propre rythme. Con\u00e7u en tenant compte des besoins r\u00e9els du milieu, le cours vous aidera \u00e0 comprendre tout ce qu\u2019il y a \u00e0 savoir, de la recharge des VE aux rabais sur les v\u00e9hicules. Aussi, vous repartirez avec une id\u00e9e claire de la marche \u00e0 suivre pour \u00e9lectrifier votre parc de v\u00e9hicules.<\/p>\n\n\n\n<p><em>Besoin d&rsquo;aide pour vous inscrire? Contactez-nous \u00e0 l&rsquo;adresse <a href=\"mailto:fleets@electricautonomy.ca?subject=Registering for EV Fleets\">fleets@electricautonomy.ca<\/a>.<\/em><\/p>\n\n\n\t\t\t\t<script id=\"ur-google-recaptcha-v3\">\n\t\t\t\t\tconst ur_recaptcha_code = {\"site_key\":\"6Le2v1QgAAAAAAfrHtf-sxzHUwUyrA_o3qs_Qzoj\",\"is_captcha_enable\":true,\"version\":\"v3\",\"is_invisible\":\"no\"}\t\t\t\t<\/script>\n\t\t\t\t\t<div class='user-registration ur-frontend-form  parcs-fr' id='user-registration-form-3398'>\n\t\t<form method='post' class='register' data-form-id=\"3398\"\n\t\t\t  data-enable-strength-password=\"1\" data-minimum-password-strength=\"2\"  \"enctype=multipart\/form-data\" data-captcha-enabled=\"1\">\n\n\t\t\t\t\t\t\t\t\t<div class='ur-form-row'>\n\t\t\t\t\t\t\t\t\t\t\t\t\t\t\t\t<div class=\"ur-form-grid ur-grid-1\"\n\t\t\t\t\t\t\t\t\t\t\t style=\"width:48%\">\n\t\t\t\t\t\t\t\t\t\t\t\t\t\t\t\t\t\t\t\t\t\t\t\t<div  data-field-id=\"first_name\" class=\"ur-field-item field-first_name inscription--first-name\">\n\t\t\t\t\t\t\t\t\t\t\t\t\t<div class=\"form-row validate-required\" id=\"first_name_field\" data-priority=\"\" ><label for=\"first_name\" class=\"ur-label\">Pr\u00e9nom <abbr class=\"required\" title=\"required\">*<\/abbr><\/label> <span class=\"input-wrapper\"> <input data-rules=\"\" data-id=\"first_name\" type=\"text\" class=\"input-text without_icon input-text ur-frontend-field \" name=\"first_name\" id=\"first_name\" placeholder=\"\"  value=\"\" required=\"required\" data-label=\"Pr\u00e9nom\" \/> <\/span> <\/div>\t\t\t\t\t\t\t\t\t\t\t\t\t\t\t<\/div>\n\t\t\t\t\t\t\t\t\t\t\t\t\t\t\t\t\t\t\t\t\t\t\t\t\t\t\t\t<div  data-field-id=\"last_name\" class=\"ur-field-item field-last_name inscription--last-name\">\n\t\t\t\t\t\t\t\t\t\t\t\t\t<div class=\"form-row validate-required\" id=\"last_name_field\" data-priority=\"\" ><label for=\"last_name\" class=\"ur-label\">Nom <abbr class=\"required\" title=\"required\">*<\/abbr><\/label> <span class=\"input-wrapper\"> <input data-rules=\"\" data-id=\"last_name\" type=\"text\" class=\"input-text without_icon input-text ur-frontend-field \" name=\"last_name\" id=\"last_name\" placeholder=\"\"  value=\"\" required=\"required\" data-label=\"Nom\" \/> <\/span> <\/div>\t\t\t\t\t\t\t\t\t\t\t\t\t\t\t<\/div>\n\t\t\t\t\t\t\t\t\t\t\t\t\t\t\t\t\t\t\t\t\t\t\t\t\t\t\t\t<div  data-field-id=\"user_login\" class=\"ur-field-item field-user_login \">\n\t\t\t\t\t\t\t\t\t\t\t\t\t<div class=\"form-row validate-required\" id=\"user_login_field\" data-priority=\"\" ><label for=\"user_login\" class=\"ur-label\">Nom d'utilisateur <abbr class=\"required\" title=\"required\">*<\/abbr><\/label> <span class=\"input-wrapper\"> <input data-rules=\"\" data-id=\"user_login\" type=\"text\" class=\"input-text without_icon input-text ur-frontend-field  \" name=\"user_login\" id=\"user_login\" placeholder=\"Entrez un nom d&#039;utilisateur unique\"  value=\"\" required=\"required\" data-label=\"Nom d&#039;utilisateur\" data-username-character=\"yes\"\/> <\/span> <\/div>\t\t\t\t\t\t\t\t\t\t\t\t\t\t\t<\/div>\n\t\t\t\t\t\t\t\t\t\t\t\t\t\t\t\t\t\t\t\t\t\t\t\t\t\t\t\t<div  data-field-id=\"user_email\" class=\"ur-field-item field-user_email \">\n\t\t\t\t\t\t\t\t\t\t\t\t\t<div class=\"form-row validate-required\" id=\"user_email_field\" data-priority=\"\" ><label for=\"user_email\" class=\"ur-label\">Courriel <abbr class=\"required\" title=\"required\">*<\/abbr><\/label> <span class=\"input-wrapper\"> <input data-rules=\"\" data-id=\"user_email\" type=\"email\" class=\"input-text without_icon input-email ur-frontend-field  \" name=\"user_email\" id=\"user_email\" placeholder=\"\"  value=\"\" required=\"required\" data-label=\"Courriel\" \/> <\/span> <\/div>\t\t\t\t\t\t\t\t\t\t\t\t\t\t\t<\/div>\n\t\t\t\t\t\t\t\t\t\t\t\t\t\t\t\t\t\t\t\t\t\t\t\t\t\t\t\t<div  data-field-id=\"utm_source\" class=\"ur-field-item field-text no-show\">\n\t\t\t\t\t\t\t\t\t\t\t\t\t<div class=\"form-row \" id=\"utm_source_field\" data-priority=\"\" ><label for=\"utm_source\" class=\"ur-label\">utm_source (hidden)<\/label> <span class=\"input-wrapper\"> <input data-rules=\"\" data-id=\"utm_source\" type=\"text\" class=\"input-text without_icon input-text ur-frontend-field \" name=\"utm_source\" id=\"utm_source\" placeholder=\"\"  value=\"utm_source\" data-label=\"utm_source (hidden)\" maxlength=\"50\" \/> <\/span> <\/div>\t\t\t\t\t\t\t\t\t\t\t\t\t\t\t<\/div>\n\t\t\t\t\t\t\t\t\t\t\t\t\t\t\t\t\t\t\t\t\t\t\t\t\t\t\t\t<div  data-field-id=\"utm_medium\" class=\"ur-field-item field-text no-show\">\n\t\t\t\t\t\t\t\t\t\t\t\t\t<div class=\"form-row \" id=\"utm_medium_field\" data-priority=\"\" ><label for=\"utm_medium\" class=\"ur-label\">utm_medium (hidden)<\/label> <span class=\"input-wrapper\"> <input data-rules=\"\" data-id=\"utm_medium\" type=\"text\" class=\"input-text without_icon input-text ur-frontend-field \" name=\"utm_medium\" id=\"utm_medium\" placeholder=\"\"  value=\"utm_medium\" data-label=\"utm_medium (hidden)\" maxlength=\"50\" \/> <\/span> <\/div>\t\t\t\t\t\t\t\t\t\t\t\t\t\t\t<\/div>\n\t\t\t\t\t\t\t\t\t\t\t\t\t\t\t\t\t\t\t\t\t\t\t\t\t\t\t\t<div  data-field-id=\"utm_campaign\" class=\"ur-field-item field-text no-show\">\n\t\t\t\t\t\t\t\t\t\t\t\t\t<div class=\"form-row \" id=\"utm_campaign_field\" data-priority=\"\" ><label for=\"utm_campaign\" class=\"ur-label\">utm_campaign (hidden)<\/label> <span class=\"input-wrapper\"> <input data-rules=\"\" data-id=\"utm_campaign\" type=\"text\" class=\"input-text without_icon input-text ur-frontend-field \" name=\"utm_campaign\" id=\"utm_campaign\" placeholder=\"\"  value=\"utm_campaign\" data-label=\"utm_campaign (hidden)\" maxlength=\"50\" \/> <\/span> <\/div>\t\t\t\t\t\t\t\t\t\t\t\t\t\t\t<\/div>\n\t\t\t\t\t\t\t\t\t\t\t\t\t\t\t\t\t\t\t\t\t\t\t\t\t\t\t\t<div  data-field-id=\"utm_term\" class=\"ur-field-item field-text no-show\">\n\t\t\t\t\t\t\t\t\t\t\t\t\t<div class=\"form-row \" id=\"utm_term_field\" data-priority=\"\" ><label for=\"utm_term\" class=\"ur-label\">utm_term (hidden)<\/label> <span class=\"input-wrapper\"> <input data-rules=\"\" data-id=\"utm_term\" type=\"text\" class=\"input-text without_icon input-text ur-frontend-field \" name=\"utm_term\" id=\"utm_term\" placeholder=\"\"  value=\"utm_term\" data-label=\"utm_term (hidden)\" maxlength=\"50\" \/> <\/span> <\/div>\t\t\t\t\t\t\t\t\t\t\t\t\t\t\t<\/div>\n\t\t\t\t\t\t\t\t\t\t\t\t\t\t\t\t\t\t\t\t\t\t\t\t\t\t\t\t<div  data-field-id=\"preferred_language\" class=\"ur-field-item field-text no-show\">\n\t\t\t\t\t\t\t\t\t\t\t\t\t<div class=\"form-row \" id=\"preferred_language_field\" data-priority=\"\" ><label for=\"preferred_language\" class=\"ur-label\">Preferred language (hidden)<\/label> <span class=\"input-wrapper\"> <input data-rules=\"\" data-id=\"preferred_language\" type=\"text\" class=\"input-text without_icon input-text ur-frontend-field \" name=\"preferred_language\" id=\"preferred_language\" placeholder=\"\"  value=\"French - Canada\" data-label=\"Preferred language (hidden)\" maxlength=\"50\" \/> <\/span> <\/div>\t\t\t\t\t\t\t\t\t\t\t\t\t\t\t<\/div>\n\t\t\t\t\t\t\t\t\t\t\t\t\t\t\t\t\t\t\t\t\t\t\t<\/div>\n\t\t\t\t\t\t\t\t\t\t\t\t\t\t\t\t\t\t\t<div class=\"ur-form-grid ur-grid-2\"\n\t\t\t\t\t\t\t\t\t\t\t style=\"width:48%\">\n\t\t\t\t\t\t\t\t\t\t\t\t\t\t\t\t\t\t\t\t\t\t\t\t<div  data-field-id=\"company_organization\" class=\"ur-field-item field-text inscription--company\">\n\t\t\t\t\t\t\t\t\t\t\t\t\t<div class=\"form-row validate-required\" id=\"company_organization_field\" data-priority=\"\" ><label for=\"company_organization\" class=\"ur-label\">Entreprise \/ Organisation <abbr class=\"required\" title=\"required\">*<\/abbr><\/label> <span class=\"input-wrapper\"> <input data-rules=\"\" data-id=\"company_organization\" type=\"text\" class=\"input-text without_icon input-text ur-frontend-field \" name=\"company_organization\" id=\"company_organization\" placeholder=\"\"  value=\"\" required=\"required\" data-label=\"Entreprise \/ Organisation\" maxlength=\"50\" \/> <\/span> <\/div>\t\t\t\t\t\t\t\t\t\t\t\t\t\t\t<\/div>\n\t\t\t\t\t\t\t\t\t\t\t\t\t\t\t\t\t\t\t\t\t\t\t\t\t\t\t\t<div  data-field-id=\"job_title\" class=\"ur-field-item field-text inscription--title\">\n\t\t\t\t\t\t\t\t\t\t\t\t\t<div class=\"form-row \" id=\"job_title_field\" data-priority=\"\" ><label for=\"job_title\" class=\"ur-label\">Titre<\/label> <span class=\"input-wrapper\"> <input data-rules=\"\" data-id=\"job_title\" type=\"text\" class=\"input-text without_icon input-text ur-frontend-field \" name=\"job_title\" id=\"job_title\" placeholder=\"\"  value=\"\" data-label=\"Titre\" maxlength=\"50\" \/> <\/span> <\/div>\t\t\t\t\t\t\t\t\t\t\t\t\t\t\t<\/div>\n\t\t\t\t\t\t\t\t\t\t\t\t\t\t\t\t\t\t\t\t\t\t\t\t\t\t\t\t<div  data-field-id=\"fleet_size\" class=\"ur-field-item field-select inscription--fleet\">\n\t\t\t\t\t\t\t\t\t\t\t\t\t<div class=\"form-row \" id=\"fleet_size_field\" data-priority=\"\" ><label for=\"fleet_size\" class=\"ur-label\">Taille du parc automobile<\/label><select data-rules=\"\" data-id=\"fleet_size\" name=\"fleet_size\" id=\"fleet_size\" class=\"select ur-frontend-field \" data-label=\"Taille du parc automobile\" data-allow_clear=\"true\" data-placeholder=\"\">\n\t\t\t\t\t\t\t<option value=\"moins de 5 v\u00e9hicules\" >moins de 5 v\u00e9hicules<\/option><option value=\"5 \u00e0 25 v\u00e9hicules\" >5 \u00e0 25 v\u00e9hicules<\/option><option value=\"26 \u00e0 50 v\u00e9hicules\" >26 \u00e0 50 v\u00e9hicules<\/option><option value=\"51 \u00e0 100 v\u00e9hicules\" >51 \u00e0 100 v\u00e9hicules<\/option><option value=\"plus de 101 v\u00e9hicules\" >plus de 101 v\u00e9hicules<\/option>\n\t\t\t\t\t\t<\/select><\/div>\t\t\t\t\t\t\t\t\t\t\t\t\t\t\t<\/div>\n\t\t\t\t\t\t\t\t\t\t\t\t\t\t\t\t\t\t\t\t\t\t\t\t\t\t\t\t<div  data-field-id=\"consent\" class=\"ur-field-item field-checkbox \">\n\t\t\t\t\t\t\t\t\t\t\t\t\t<div class=\"form-row \" id=\"consent_field\" data-priority=\"\" ><label class=\"ur-label\" data-label=\"Consent\"><\/label><ul ><li class=\"ur-checkbox-list\"><input data-rules=\"\" data-id=\"consent\" data-label=\"Consent\" data-value=\"Je consens \u00e0 recevoir des nouvelles, de l&#039;information et des offres li\u00e9es aux parcs de v\u00e9hicules \u00e9lectriques de la part d&#039;Electric Autonomy Canada et de ses partenaires.\" type=\"checkbox\" class=\"input-checkbox ur-frontend-field  \" name=\"consent[]\" id=\"consent_Je consens \u00e0 recevoir des nouvelles, de l&#039;information et des offres li\u00e9es aux parcs de v\u00e9hicules \u00e9lectriques de la part d&#039;Electric Autonomy Canada et de ses partenaires.\" value=\"Je consens \u00e0 recevoir des nouvelles, de l'information et des offres li\u00e9es aux parcs de v\u00e9hicules \u00e9lectriques de la part d'Electric Autonomy Canada et de ses partenaires.\"checked=&quot;checked&quot; \/> <label class=\"ur-checkbox-label\" for=\"consent_Je consens \u00e0 recevoir des nouvelles, de l&#039;information et des offres li\u00e9es aux parcs de v\u00e9hicules \u00e9lectriques de la part d&#039;Electric Autonomy Canada et de ses partenaires.\">Je consens \u00e0 recevoir des nouvelles, de l'information et des offres li\u00e9es aux parcs de v\u00e9hicules \u00e9lectriques de la part d'Electric Autonomy Canada et de ses partenaires.<\/label> <\/li><\/ul><span class=\"description\">Electric Autonomy s'engage \u00e0 prot\u00e9ger et \u00e0 respecter votre vie priv\u00e9e. En cliquant sur soumettre ci-dessous, vous consentez \u00e0 ce qu'Electric Autonomy stocke et traite les informations personnelles soumises ci-dessus afin de vous fournir le contenu demand\u00e9. Vous pouvez vous d\u00e9sinscrire \u00e0 tout moment. Veuillez consulter notre politique de confidentialit\u00e9.<\/span><\/div>\t\t\t\t\t\t\t\t\t\t\t\t\t\t\t<\/div>\n\t\t\t\t\t\t\t\t\t\t\t\t\t\t\t\t\t\t\t\t\t\t\t<\/div>\n\t\t\t\t\t\t\t\t\t\t\t\t\t\t\t<\/div>\n\t\t\t\t\t\t<div class=\"ur-form-row ur-honeypot-container\" style=\"display: none!important;position: absolute!important;left: -9000px!important;\">\n\t\t\t<div class=\"ur-form-grid ur-grid-1\" style=\"width:99%\">\n\t\t\t\t<div class=\"ur-field-item field-honeypot\">\n\t\t\t\t\t<div class=\"form-row \" id=\"honeypot_field\" data-priority=\"\">\n\t\t\t\t\t\t<label for=\"honeypot\" class=\"ur-label\">Message\t\t\t\t\t\t<\/label>\n\t\t\t\t\t\t<input data-rules=\"\" data-id=\"honeypot\" type=\"text\" class=\"input-text input-text ur-frontend-field  \" name=\"honeypot\" id=\"honeypot\" placeholder=\"\" value=\"\" data-label=\"\">\n\t\t\t\t\t<\/div>\n\t\t\t\t<\/div>\n\t\t\t<\/div>\n\t\t<\/div>\n\t\t\t\t\t\t\t\t<div id=\"ur-recaptcha-node\"> <div id=\"node_recaptcha_register\" class=\"g-recaptcha-v3\" style=\"display:none\"><textarea id=\"g-recaptcha-response\" name=\"g-recaptcha-response\" ><\/textarea><\/div><\/div>\t\t\t\t\t<div class=\"ur-button-container \" >\n\t\t\t\t\t\t\t\t\t\t\t\t<button type=\"submit\" class=\"btn button ur-submit-button \">\n\t\t\t\t\t\t\t<span><\/span>\n\t\t\t\t\t\t\tSoumettre\t\t\t\t\t\t<\/button>\n\t\t\t\t\t\t\t\t\t\t\t\t\t\t\t\t\t<\/div>\n\t\t\t\t\t\n\t\t\t<div style=\"clear:both\"><\/div>\n\t\t\t\t\t\t<input type=\"hidden\" name=\"ur-user-form-id\" value=\"3398\"\/>\n\t\t\t<input type=\"hidden\" name=\"ur-redirect-url\" value=\"\"\/>\n\t\t\t<input type=\"hidden\" id=\"ur_frontend_form_nonce\" name=\"ur_frontend_form_nonce\" value=\"f82124a148\" \/>\n\t\t\t\t\t<\/form>\n\n\t\t<div style=\"clear:both\"><\/div>\n\t<\/div>\n\n","protected":false},"excerpt":{"rendered":"\u00cates-vous pr\u00eat \u00e0 \u00e9lectrifier votre parc commercial ? Notre cours vous aidera \u00e0 former et \u00e0 responsabiliser vos \u00e9quipes afin que vous puissiez vous engager sur la voie de l&rsquo;\u00e9lectrification en toute confiance. Si vous \u00eates d\u00e9j\u00e0 inscrit, connectez-vous ici. Acc\u00e9dez d\u00e8s maintenant \u00e0 notre portail d\u2019apprentissage sur les parcs \u00e9lectriques Inscrivez-vous gratuitement pour apprendre &hellip;<p class=\"read-more\"> <a class=\"\" href=\"https:\/\/evfleets.electricautonomy.ca\/fr\/inscrire\/\"> <span class=\"screen-reader-text\">S&rsquo;inscrire<\/span> Lire la suite\u00a0\u00bb<\/a><\/p>","protected":false},"author":5,"featured_media":0,"parent":0,"menu_order":0,"comment_status":"closed","ping_status":"closed","template":"","meta":{"content-type":"","site-sidebar-layout":"default","site-content-layout":"default","ast-global-header-display":"","ast-banner-title-visibility":"","ast-main-header-display":"","ast-hfb-above-header-display":"","ast-hfb-below-header-display":"","ast-hfb-mobile-header-display":"","site-post-title":"","ast-breadcrumbs-content":null,"ast-featured-img":"","footer-sml-layout":"","theme-transparent-header-meta":"","adv-header-id-meta":null,"stick-header-meta":"","header-above-stick-meta":null,"header-main-stick-meta":"","header-below-stick-meta":null,"footnotes":""},"class_list":["post-2896","page","type-page","status-publish","hentry"],"acf":[],"yoast_head":"<title>S&#039;inscrire - Parcs VE Pro<\/title>\n<meta name=\"robots\" content=\"index, follow, max-snippet:-1, max-image-preview:large, max-video-preview:-1\" \/>\n<link rel=\"canonical\" href=\"https:\/\/evfleets.electricautonomy.ca\/fr\/inscrire\/\" \/>\n<meta property=\"og:locale\" content=\"fr_FR\" \/>\n<meta property=\"og:type\" content=\"article\" \/>\n<meta property=\"og:title\" content=\"S&#039;inscrire - Parcs VE Pro\" \/>\n<meta property=\"og:description\" content=\"\u00cates-vous pr\u00eat \u00e0 \u00e9lectrifier votre parc commercial ? Notre cours vous aidera \u00e0 former et \u00e0 responsabiliser vos \u00e9quipes afin que vous puissiez vous engager sur la voie de l&rsquo;\u00e9lectrification en toute confiance. Si vous \u00eates d\u00e9j\u00e0 inscrit, connectez-vous ici. Acc\u00e9dez d\u00e8s maintenant \u00e0 notre portail d\u2019apprentissage sur les parcs \u00e9lectriques Inscrivez-vous gratuitement pour apprendre &hellip; S&rsquo;inscrire Lire la suite\u00a0\u00bb\" \/>\n<meta property=\"og:url\" content=\"https:\/\/evfleets.electricautonomy.ca\/fr\/inscrire\/\" \/>\n<meta property=\"og:site_name\" content=\"Parcs VE Pro\" \/>\n<meta property=\"article:modified_time\" content=\"2024-02-08T18:57:32+00:00\" \/>\n<meta name=\"twitter:card\" content=\"summary_large_image\" \/>\n<meta name=\"twitter:label1\" content=\"Dur\u00e9e de lecture estim\u00e9e\" \/>\n\t<meta name=\"twitter:data1\" content=\"1 minute\" \/>\n<script type=\"application\/ld+json\" class=\"yoast-schema-graph\">{\"@context\":\"https:\/\/schema.org\",\"@graph\":[{\"@type\":\"WebPage\",\"@id\":\"https:\/\/evfleets.electricautonomy.ca\/fr\/inscrire\/\",\"url\":\"https:\/\/evfleets.electricautonomy.ca\/fr\/inscrire\/\",\"name\":\"S'inscrire - Parcs VE Pro\",\"isPartOf\":{\"@id\":\"https:\/\/evfleets.electricautonomy.ca\/fr\/#website\"},\"datePublished\":\"2022-05-13T07:47:54+00:00\",\"dateModified\":\"2024-02-08T18:57:32+00:00\",\"breadcrumb\":{\"@id\":\"https:\/\/evfleets.electricautonomy.ca\/fr\/inscrire\/#breadcrumb\"},\"inLanguage\":\"fr-FR\",\"potentialAction\":[{\"@type\":\"ReadAction\",\"target\":[\"https:\/\/evfleets.electricautonomy.ca\/fr\/inscrire\/\"]}]},{\"@type\":\"BreadcrumbList\",\"@id\":\"https:\/\/evfleets.electricautonomy.ca\/fr\/inscrire\/#breadcrumb\",\"itemListElement\":[{\"@type\":\"ListItem\",\"position\":1,\"name\":\"Home\",\"item\":\"https:\/\/evfleets.electricautonomy.ca\/fr\/\"},{\"@type\":\"ListItem\",\"position\":2,\"name\":\"S&#8217;inscrire\"}]},{\"@type\":\"WebSite\",\"@id\":\"https:\/\/evfleets.electricautonomy.ca\/fr\/#website\",\"url\":\"https:\/\/evfleets.electricautonomy.ca\/fr\/\",\"name\":\"Parcs VE Pro\",\"description\":\"L&#039;avenir des parcs automobiles est \u00e9lectrique\",\"publisher\":{\"@id\":\"https:\/\/evfleets.electricautonomy.ca\/fr\/#organization\"},\"potentialAction\":[{\"@type\":\"SearchAction\",\"target\":{\"@type\":\"EntryPoint\",\"urlTemplate\":\"https:\/\/evfleets.electricautonomy.ca\/fr\/?s={search_term_string}\"},\"query-input\":\"required name=search_term_string\"}],\"inLanguage\":\"fr-FR\"},{\"@type\":\"Organization\",\"@id\":\"https:\/\/evfleets.electricautonomy.ca\/fr\/#organization\",\"name\":\"Parcs VE Pro\",\"url\":\"https:\/\/evfleets.electricautonomy.ca\/fr\/\",\"logo\":{\"@type\":\"ImageObject\",\"inLanguage\":\"fr-FR\",\"@id\":\"https:\/\/evfleets.electricautonomy.ca\/fr\/#\/schema\/logo\/image\/\",\"url\":\"https:\/\/evfleets.electricautonomy.ca\/fr\/wp-content\/uploads\/sites\/2\/2024\/06\/Parcs-VE-Logo-blanc.png\",\"contentUrl\":\"https:\/\/evfleets.electricautonomy.ca\/fr\/wp-content\/uploads\/sites\/2\/2024\/06\/Parcs-VE-Logo-blanc.png\",\"width\":786,\"height\":123,\"caption\":\"Parcs VE Pro\"},\"image\":{\"@id\":\"https:\/\/evfleets.electricautonomy.ca\/fr\/#\/schema\/logo\/image\/\"}}]}<\/script>","yoast_head_json":{"title":"S'inscrire - Parcs VE Pro","robots":{"index":"index","follow":"follow","max-snippet":"max-snippet:-1","max-image-preview":"max-image-preview:large","max-video-preview":"max-video-preview:-1"},"canonical":"https:\/\/evfleets.electricautonomy.ca\/fr\/inscrire\/","og_locale":"fr_FR","og_type":"article","og_title":"S'inscrire - Parcs VE Pro","og_description":"\u00cates-vous pr\u00eat \u00e0 \u00e9lectrifier votre parc commercial ? Notre cours vous aidera \u00e0 former et \u00e0 responsabiliser vos \u00e9quipes afin que vous puissiez vous engager sur la voie de l&rsquo;\u00e9lectrification en toute confiance. Si vous \u00eates d\u00e9j\u00e0 inscrit, connectez-vous ici. Acc\u00e9dez d\u00e8s maintenant \u00e0 notre portail d\u2019apprentissage sur les parcs \u00e9lectriques Inscrivez-vous gratuitement pour apprendre &hellip; S&rsquo;inscrire Lire la suite\u00a0\u00bb","og_url":"https:\/\/evfleets.electricautonomy.ca\/fr\/inscrire\/","og_site_name":"Parcs VE Pro","article_modified_time":"2024-02-08T18:57:32+00:00","twitter_card":"summary_large_image","twitter_misc":{"Dur\u00e9e de lecture estim\u00e9e":"1 minute"},"schema":{"@context":"https:\/\/schema.org","@graph":[{"@type":"WebPage","@id":"https:\/\/evfleets.electricautonomy.ca\/fr\/inscrire\/","url":"https:\/\/evfleets.electricautonomy.ca\/fr\/inscrire\/","name":"S'inscrire - Parcs VE Pro","isPartOf":{"@id":"https:\/\/evfleets.electricautonomy.ca\/fr\/#website"},"datePublished":"2022-05-13T07:47:54+00:00","dateModified":"2024-02-08T18:57:32+00:00","breadcrumb":{"@id":"https:\/\/evfleets.electricautonomy.ca\/fr\/inscrire\/#breadcrumb"},"inLanguage":"fr-FR","potentialAction":[{"@type":"ReadAction","target":["https:\/\/evfleets.electricautonomy.ca\/fr\/inscrire\/"]}]},{"@type":"BreadcrumbList","@id":"https:\/\/evfleets.electricautonomy.ca\/fr\/inscrire\/#breadcrumb","itemListElement":[{"@type":"ListItem","position":1,"name":"Home","item":"https:\/\/evfleets.electricautonomy.ca\/fr\/"},{"@type":"ListItem","position":2,"name":"S&#8217;inscrire"}]},{"@type":"WebSite","@id":"https:\/\/evfleets.electricautonomy.ca\/fr\/#website","url":"https:\/\/evfleets.electricautonomy.ca\/fr\/","name":"Parcs VE Pro","description":"L&#039;avenir des parcs automobiles est \u00e9lectrique","publisher":{"@id":"https:\/\/evfleets.electricautonomy.ca\/fr\/#organization"},"potentialAction":[{"@type":"SearchAction","target":{"@type":"EntryPoint","urlTemplate":"https:\/\/evfleets.electricautonomy.ca\/fr\/?s={search_term_string}"},"query-input":"required name=search_term_string"}],"inLanguage":"fr-FR"},{"@type":"Organization","@id":"https:\/\/evfleets.electricautonomy.ca\/fr\/#organization","name":"Parcs VE Pro","url":"https:\/\/evfleets.electricautonomy.ca\/fr\/","logo":{"@type":"ImageObject","inLanguage":"fr-FR","@id":"https:\/\/evfleets.electricautonomy.ca\/fr\/#\/schema\/logo\/image\/","url":"https:\/\/evfleets.electricautonomy.ca\/fr\/wp-content\/uploads\/sites\/2\/2024\/06\/Parcs-VE-Logo-blanc.png","contentUrl":"https:\/\/evfleets.electricautonomy.ca\/fr\/wp-content\/uploads\/sites\/2\/2024\/06\/Parcs-VE-Logo-blanc.png","width":786,"height":123,"caption":"Parcs VE Pro"},"image":{"@id":"https:\/\/evfleets.electricautonomy.ca\/fr\/#\/schema\/logo\/image\/"}}]}},"_links":{"self":[{"href":"https:\/\/evfleets.electricautonomy.ca\/fr\/wp-json\/wp\/v2\/pages\/2896","targetHints":{"allow":["GET"]}}],"collection":[{"href":"https:\/\/evfleets.electricautonomy.ca\/fr\/wp-json\/wp\/v2\/pages"}],"about":[{"href":"https:\/\/evfleets.electricautonomy.ca\/fr\/wp-json\/wp\/v2\/types\/page"}],"author":[{"embeddable":true,"href":"https:\/\/evfleets.electricautonomy.ca\/fr\/wp-json\/wp\/v2\/users\/5"}],"replies":[{"embeddable":true,"href":"https:\/\/evfleets.electricautonomy.ca\/fr\/wp-json\/wp\/v2\/comments?post=2896"}],"version-history":[{"count":0,"href":"https:\/\/evfleets.electricautonomy.ca\/fr\/wp-json\/wp\/v2\/pages\/2896\/revisions"}],"wp:attachment":[{"href":"https:\/\/evfleets.electricautonomy.ca\/fr\/wp-json\/wp\/v2\/media?parent=2896"}],"curies":[{"name":"wp","href":"https:\/\/api.w.org\/{rel}","templated":true}]}}