{"id":2729,"date":"2022-09-27T09:26:18","date_gmt":"2022-09-27T13:26:18","guid":{"rendered":"https:\/\/evfleets.electricautonomy.ca\/fr\/?page_id=2729"},"modified":"2023-05-02T14:06:16","modified_gmt":"2023-05-02T18:06:16","slug":"calculateur-de-cout-de-carburant-electricite-vs-essence-diesel","status":"publish","type":"page","link":"https:\/\/evfleets.electricautonomy.ca\/fr\/calculateur-de-cout-de-carburant-electricite-vs-essence-diesel\/","title":{"rendered":"Calculateur de co\u00fbt de carburant &#8211; \u00c9lectricit\u00e9 vs Essence\/Diesel"},"content":{"rendered":"\n<p>Comparez les co\u00fbts d\u2019exploitation d\u2019un parc de v\u00e9hicules \u00e9lectriques et d\u2019un parc de v\u00e9hicules \u00e0 combustion en fonction des tarifs d\u2019\u00e9lectricit\u00e9 de votre r\u00e9gion. Dans le menu de gauche, s\u00e9lectionnez votre province, votre service public, le type de tarif, la grille tarifaire et les caract\u00e9ristiques de votre parc, comme la distance quotidienne parcourue, puis cliquez sur \u00ab&nbsp;Calculer&nbsp;\u00bb. Vous pouvez aussi ajuster la sensibilit\u00e9 au prix du carburant et de l\u2019\u00e9lectricit\u00e9 dans le coin sup\u00e9rieur droit afin de mieux refl\u00e9ter les prix actuels. Pour l\u2019instant, ce calculateur fonctionne mieux sur les \u00e9crans d\u2019ordinateur de bureau.  <\/p>\n\n\n\n<div style=\"height:25px\" aria-hidden=\"true\" class=\"wp-block-spacer\"><\/div>\n\n\n\n<iframe loading=\"lazy\" src=\"https:\/\/ev-fuel-cost-calculator-fr.herokuapp.com\/zev\" id=\"fuel-cost-calculator-canada\" name=\"fuel-cost-calculator-canada\" scrolling=\"yes\" frameborder=\"0\" marginheight=\"0px\" marginwidth=\"0px\" height=\"100%\" width=\"100%\" allowfullscreen=\"\" sandbox=\"allow-scripts allow-popups allow-modals allow-forms allowdownloads allow-same-origin\"><\/iframe>\n\n\n\n<div class=\"wp-block-columns are-vertically-aligned-center is-layout-flex wp-container-core-columns-is-layout-28f84493 wp-block-columns-is-layout-flex\">\n<div class=\"wp-block-column is-vertically-aligned-center is-layout-flow wp-block-column-is-layout-flow\" style=\"flex-basis:66.66%\">\n<p><em>Le calculateur de co\u00fbt du carburant a \u00e9t\u00e9 d\u00e9velopp\u00e9 en partenariat et avec le soutien du <a target=\"_blank\" href=\"https:\/\/theicct.org\/\">International Council on Clean Transportation<\/a><\/em><\/p>\n<\/div>\n\n\n\n<div class=\"wp-block-column is-vertically-aligned-center is-layout-flow wp-block-column-is-layout-flow\" style=\"flex-basis:33.33%\">\n<figure class=\"wp-block-image size-large is-resized\"><a target=\"_blank\" href=\"https:\/\/theicct.org\/\"><img decoding=\"async\" src=\"https:\/\/evfleets.electricautonomy.ca\/fr\/wp-content\/uploads\/sites\/2\/2022\/07\/icct-1024x648.png\" alt=\"The International Council on Clean Transportation ICCT logo\" class=\"wp-image-972\" width=\"119\" height=\"75\" srcset=\"https:\/\/evfleets.electricautonomy.ca\/fr\/wp-content\/uploads\/sites\/2\/2022\/07\/icct-1024x648.png 1024w, https:\/\/evfleets.electricautonomy.ca\/fr\/wp-content\/uploads\/sites\/2\/2022\/07\/icct-300x190.png 300w, https:\/\/evfleets.electricautonomy.ca\/fr\/wp-content\/uploads\/sites\/2\/2022\/07\/icct-768x486.png 768w, https:\/\/evfleets.electricautonomy.ca\/fr\/wp-content\/uploads\/sites\/2\/2022\/07\/icct.png 1390w\" sizes=\"(max-width: 119px) 100vw, 119px\" \/><\/a><\/figure>\n<\/div>\n<\/div>\n","protected":false},"excerpt":{"rendered":"Comparez les co\u00fbts d\u2019exploitation d\u2019un parc de v\u00e9hicules \u00e9lectriques et d\u2019un parc de v\u00e9hicules \u00e0 combustion en fonction des tarifs d\u2019\u00e9lectricit\u00e9 de votre r\u00e9gion. Dans le menu de gauche, s\u00e9lectionnez votre province, votre service public, le type de tarif, la grille tarifaire et les caract\u00e9ristiques de votre parc, comme la distance quotidienne parcourue, puis cliquez &hellip;<p class=\"read-more\"> <a class=\"\" href=\"https:\/\/evfleets.electricautonomy.ca\/fr\/calculateur-de-cout-de-carburant-electricite-vs-essence-diesel\/\"> <span class=\"screen-reader-text\">Calculateur de co\u00fbt de carburant &#8211; \u00c9lectricit\u00e9 vs Essence\/Diesel<\/span> Lire la suite\u00a0\u00bb<\/a><\/p>","protected":false},"author":5,"featured_media":0,"parent":0,"menu_order":0,"comment_status":"closed","ping_status":"closed","template":"","meta":{"content-type":"","site-sidebar-layout":"default","site-content-layout":"default","ast-global-header-display":"","ast-banner-title-visibility":"","ast-main-header-display":"","ast-hfb-above-header-display":"","ast-hfb-below-header-display":"","ast-hfb-mobile-header-display":"","site-post-title":"","ast-breadcrumbs-content":"","ast-featured-img":"","footer-sml-layout":"","theme-transparent-header-meta":"","adv-header-id-meta":"","stick-header-meta":"","header-above-stick-meta":"","header-main-stick-meta":"","header-below-stick-meta":"","footnotes":""},"class_list":["post-2729","page","type-page","status-publish","hentry"],"acf":[],"yoast_head":"<title>Calculateur de co\u00fbt de carburant - \u00c9lectricit\u00e9 vs Essence\/Diesel - Parcs VE Pro<\/title>\n<meta name=\"robots\" content=\"index, follow, max-snippet:-1, max-image-preview:large, max-video-preview:-1\" \/>\n<link rel=\"canonical\" href=\"https:\/\/evfleets.electricautonomy.ca\/fr\/calculateur-de-cout-de-carburant-electricite-vs-essence-diesel\/\" \/>\n<meta property=\"og:locale\" content=\"fr_FR\" \/>\n<meta property=\"og:type\" content=\"article\" \/>\n<meta property=\"og:title\" content=\"Calculateur de co\u00fbt de carburant - \u00c9lectricit\u00e9 vs Essence\/Diesel - Parcs VE Pro\" \/>\n<meta property=\"og:description\" content=\"Comparez les co\u00fbts d\u2019exploitation d\u2019un parc de v\u00e9hicules \u00e9lectriques et d\u2019un parc de v\u00e9hicules \u00e0 combustion en fonction des tarifs d\u2019\u00e9lectricit\u00e9 de votre r\u00e9gion. Dans le menu de gauche, s\u00e9lectionnez votre province, votre service public, le type de tarif, la grille tarifaire et les caract\u00e9ristiques de votre parc, comme la distance quotidienne parcourue, puis cliquez &hellip; Calculateur de co\u00fbt de carburant &#8211; \u00c9lectricit\u00e9 vs Essence\/Diesel Lire la suite\u00a0\u00bb\" \/>\n<meta property=\"og:url\" content=\"https:\/\/evfleets.electricautonomy.ca\/fr\/calculateur-de-cout-de-carburant-electricite-vs-essence-diesel\/\" \/>\n<meta property=\"og:site_name\" content=\"Parcs VE Pro\" \/>\n<meta property=\"article:modified_time\" content=\"2023-05-02T18:06:16+00:00\" \/>\n<meta property=\"og:image\" content=\"https:\/\/evfleets.electricautonomy.ca\/fr\/wp-content\/uploads\/sites\/2\/2022\/11\/Image-of-Electricity-vs-GasDiesel-Fuel-Cost-Calculator.png\" \/>\n<meta name=\"twitter:card\" content=\"summary_large_image\" \/>\n<meta name=\"twitter:image\" content=\"https:\/\/evfleets.electricautonomy.ca\/fr\/wp-content\/uploads\/sites\/2\/2022\/11\/Image-of-Electricity-vs-GasDiesel-Fuel-Cost-Calculator.png\" \/>\n<meta name=\"twitter:label1\" content=\"Dur\u00e9e de lecture estim\u00e9e\" \/>\n\t<meta name=\"twitter:data1\" content=\"1 minute\" \/>\n<script type=\"application\/ld+json\" class=\"yoast-schema-graph\">{\"@context\":\"https:\/\/schema.org\",\"@graph\":[{\"@type\":\"WebPage\",\"@id\":\"https:\/\/evfleets.electricautonomy.ca\/fr\/calculateur-de-cout-de-carburant-electricite-vs-essence-diesel\/\",\"url\":\"https:\/\/evfleets.electricautonomy.ca\/fr\/calculateur-de-cout-de-carburant-electricite-vs-essence-diesel\/\",\"name\":\"Calculateur de co\u00fbt de carburant - \u00c9lectricit\u00e9 vs Essence\/Diesel - Parcs VE Pro\",\"isPartOf\":{\"@id\":\"https:\/\/evfleets.electricautonomy.ca\/fr\/#website\"},\"datePublished\":\"2022-09-27T13:26:18+00:00\",\"dateModified\":\"2023-05-02T18:06:16+00:00\",\"breadcrumb\":{\"@id\":\"https:\/\/evfleets.electricautonomy.ca\/fr\/calculateur-de-cout-de-carburant-electricite-vs-essence-diesel\/#breadcrumb\"},\"inLanguage\":\"fr-FR\",\"potentialAction\":[{\"@type\":\"ReadAction\",\"target\":[\"https:\/\/evfleets.electricautonomy.ca\/fr\/calculateur-de-cout-de-carburant-electricite-vs-essence-diesel\/\"]}]},{\"@type\":\"BreadcrumbList\",\"@id\":\"https:\/\/evfleets.electricautonomy.ca\/fr\/calculateur-de-cout-de-carburant-electricite-vs-essence-diesel\/#breadcrumb\",\"itemListElement\":[{\"@type\":\"ListItem\",\"position\":1,\"name\":\"Home\",\"item\":\"https:\/\/evfleets.electricautonomy.ca\/fr\/\"},{\"@type\":\"ListItem\",\"position\":2,\"name\":\"Calculateur de co\u00fbt de carburant &#8211; \u00c9lectricit\u00e9 vs Essence\/Diesel\"}]},{\"@type\":\"WebSite\",\"@id\":\"https:\/\/evfleets.electricautonomy.ca\/fr\/#website\",\"url\":\"https:\/\/evfleets.electricautonomy.ca\/fr\/\",\"name\":\"Parcs VE Pro\",\"description\":\"L&#039;avenir des parcs automobiles est \u00e9lectrique\",\"publisher\":{\"@id\":\"https:\/\/evfleets.electricautonomy.ca\/fr\/#organization\"},\"potentialAction\":[{\"@type\":\"SearchAction\",\"target\":{\"@type\":\"EntryPoint\",\"urlTemplate\":\"https:\/\/evfleets.electricautonomy.ca\/fr\/?s={search_term_string}\"},\"query-input\":\"required name=search_term_string\"}],\"inLanguage\":\"fr-FR\"},{\"@type\":\"Organization\",\"@id\":\"https:\/\/evfleets.electricautonomy.ca\/fr\/#organization\",\"name\":\"Parcs VE Pro\",\"url\":\"https:\/\/evfleets.electricautonomy.ca\/fr\/\",\"logo\":{\"@type\":\"ImageObject\",\"inLanguage\":\"fr-FR\",\"@id\":\"https:\/\/evfleets.electricautonomy.ca\/fr\/#\/schema\/logo\/image\/\",\"url\":\"https:\/\/evfleets.electricautonomy.ca\/fr\/wp-content\/uploads\/sites\/2\/2024\/06\/Parcs-VE-Logo-blanc.png\",\"contentUrl\":\"https:\/\/evfleets.electricautonomy.ca\/fr\/wp-content\/uploads\/sites\/2\/2024\/06\/Parcs-VE-Logo-blanc.png\",\"width\":786,\"height\":123,\"caption\":\"Parcs VE Pro\"},\"image\":{\"@id\":\"https:\/\/evfleets.electricautonomy.ca\/fr\/#\/schema\/logo\/image\/\"}}]}<\/script>","yoast_head_json":{"title":"Calculateur de co\u00fbt de carburant - \u00c9lectricit\u00e9 vs Essence\/Diesel - Parcs VE Pro","robots":{"index":"index","follow":"follow","max-snippet":"max-snippet:-1","max-image-preview":"max-image-preview:large","max-video-preview":"max-video-preview:-1"},"canonical":"https:\/\/evfleets.electricautonomy.ca\/fr\/calculateur-de-cout-de-carburant-electricite-vs-essence-diesel\/","og_locale":"fr_FR","og_type":"article","og_title":"Calculateur de co\u00fbt de carburant - \u00c9lectricit\u00e9 vs Essence\/Diesel - Parcs VE Pro","og_description":"Comparez les co\u00fbts d\u2019exploitation d\u2019un parc de v\u00e9hicules \u00e9lectriques et d\u2019un parc de v\u00e9hicules \u00e0 combustion en fonction des tarifs d\u2019\u00e9lectricit\u00e9 de votre r\u00e9gion. Dans le menu de gauche, s\u00e9lectionnez votre province, votre service public, le type de tarif, la grille tarifaire et les caract\u00e9ristiques de votre parc, comme la distance quotidienne parcourue, puis cliquez &hellip; Calculateur de co\u00fbt de carburant &#8211; \u00c9lectricit\u00e9 vs Essence\/Diesel Lire la suite\u00a0\u00bb","og_url":"https:\/\/evfleets.electricautonomy.ca\/fr\/calculateur-de-cout-de-carburant-electricite-vs-essence-diesel\/","og_site_name":"Parcs VE Pro","article_modified_time":"2023-05-02T18:06:16+00:00","og_image":[{"url":"https:\/\/evfleets.electricautonomy.ca\/fr\/wp-content\/uploads\/sites\/2\/2022\/11\/Image-of-Electricity-vs-GasDiesel-Fuel-Cost-Calculator.png"}],"twitter_card":"summary_large_image","twitter_image":"https:\/\/evfleets.electricautonomy.ca\/fr\/wp-content\/uploads\/sites\/2\/2022\/11\/Image-of-Electricity-vs-GasDiesel-Fuel-Cost-Calculator.png","twitter_misc":{"Dur\u00e9e de lecture estim\u00e9e":"1 minute"},"schema":{"@context":"https:\/\/schema.org","@graph":[{"@type":"WebPage","@id":"https:\/\/evfleets.electricautonomy.ca\/fr\/calculateur-de-cout-de-carburant-electricite-vs-essence-diesel\/","url":"https:\/\/evfleets.electricautonomy.ca\/fr\/calculateur-de-cout-de-carburant-electricite-vs-essence-diesel\/","name":"Calculateur de co\u00fbt de carburant - \u00c9lectricit\u00e9 vs Essence\/Diesel - Parcs VE Pro","isPartOf":{"@id":"https:\/\/evfleets.electricautonomy.ca\/fr\/#website"},"datePublished":"2022-09-27T13:26:18+00:00","dateModified":"2023-05-02T18:06:16+00:00","breadcrumb":{"@id":"https:\/\/evfleets.electricautonomy.ca\/fr\/calculateur-de-cout-de-carburant-electricite-vs-essence-diesel\/#breadcrumb"},"inLanguage":"fr-FR","potentialAction":[{"@type":"ReadAction","target":["https:\/\/evfleets.electricautonomy.ca\/fr\/calculateur-de-cout-de-carburant-electricite-vs-essence-diesel\/"]}]},{"@type":"BreadcrumbList","@id":"https:\/\/evfleets.electricautonomy.ca\/fr\/calculateur-de-cout-de-carburant-electricite-vs-essence-diesel\/#breadcrumb","itemListElement":[{"@type":"ListItem","position":1,"name":"Home","item":"https:\/\/evfleets.electricautonomy.ca\/fr\/"},{"@type":"ListItem","position":2,"name":"Calculateur de co\u00fbt de carburant &#8211; \u00c9lectricit\u00e9 vs Essence\/Diesel"}]},{"@type":"WebSite","@id":"https:\/\/evfleets.electricautonomy.ca\/fr\/#website","url":"https:\/\/evfleets.electricautonomy.ca\/fr\/","name":"Parcs VE Pro","description":"L&#039;avenir des parcs automobiles est \u00e9lectrique","publisher":{"@id":"https:\/\/evfleets.electricautonomy.ca\/fr\/#organization"},"potentialAction":[{"@type":"SearchAction","target":{"@type":"EntryPoint","urlTemplate":"https:\/\/evfleets.electricautonomy.ca\/fr\/?s={search_term_string}"},"query-input":"required name=search_term_string"}],"inLanguage":"fr-FR"},{"@type":"Organization","@id":"https:\/\/evfleets.electricautonomy.ca\/fr\/#organization","name":"Parcs VE Pro","url":"https:\/\/evfleets.electricautonomy.ca\/fr\/","logo":{"@type":"ImageObject","inLanguage":"fr-FR","@id":"https:\/\/evfleets.electricautonomy.ca\/fr\/#\/schema\/logo\/image\/","url":"https:\/\/evfleets.electricautonomy.ca\/fr\/wp-content\/uploads\/sites\/2\/2024\/06\/Parcs-VE-Logo-blanc.png","contentUrl":"https:\/\/evfleets.electricautonomy.ca\/fr\/wp-content\/uploads\/sites\/2\/2024\/06\/Parcs-VE-Logo-blanc.png","width":786,"height":123,"caption":"Parcs VE Pro"},"image":{"@id":"https:\/\/evfleets.electricautonomy.ca\/fr\/#\/schema\/logo\/image\/"}}]}},"_links":{"self":[{"href":"https:\/\/evfleets.electricautonomy.ca\/fr\/wp-json\/wp\/v2\/pages\/2729","targetHints":{"allow":["GET"]}}],"collection":[{"href":"https:\/\/evfleets.electricautonomy.ca\/fr\/wp-json\/wp\/v2\/pages"}],"about":[{"href":"https:\/\/evfleets.electricautonomy.ca\/fr\/wp-json\/wp\/v2\/types\/page"}],"author":[{"embeddable":true,"href":"https:\/\/evfleets.electricautonomy.ca\/fr\/wp-json\/wp\/v2\/users\/5"}],"replies":[{"embeddable":true,"href":"https:\/\/evfleets.electricautonomy.ca\/fr\/wp-json\/wp\/v2\/comments?post=2729"}],"version-history":[{"count":0,"href":"https:\/\/evfleets.electricautonomy.ca\/fr\/wp-json\/wp\/v2\/pages\/2729\/revisions"}],"wp:attachment":[{"href":"https:\/\/evfleets.electricautonomy.ca\/fr\/wp-json\/wp\/v2\/media?parent=2729"}],"curies":[{"name":"wp","href":"https:\/\/api.w.org\/{rel}","templated":true}]}}